{"id":2534,"date":"2022-01-28T13:04:37","date_gmt":"2022-01-28T11:04:37","guid":{"rendered":"https:\/\/aarnepelkonen.com\/tuote\/aarne-taivas-sylissani\/"},"modified":"2024-04-22T00:01:02","modified_gmt":"2024-04-21T21:01:02","slug":"aarne-taivas-sylissani","status":"publish","type":"product","link":"https:\/\/aarnepelkonen.com\/en\/tuote\/aarne-taivas-sylissani\/","title":{"rendered":"Aarne \u2013 Taivas syliss\u00e4ni"},"content":{"rendered":"<p>\u201cHeaven in my Arms is a traditional and atmospheric Christmas album that, alongside the standard fare of Finnish carols and Christmas songs, also features a number of surprising rarities.\u201d<\/p>\n<p>\u201cHeaven in my Arms is sparse in a good way and a pleasingly traditional Christmas album.\u201d<br \/>\n&#8211; Kare Eskola, YLE<\/p>\n","protected":false},"excerpt":{"rendered":"<p>(Joverec, 2018)<\/p>\n<p>Aarne Pelkonen, vocal<br \/>\nJuho Alak\u00e4rpp\u00e4, piano<br \/>\nKalevi Kiviniemi, organ<br \/>\nMarius J\u00e4rvi, cello<br \/>\nTapiola Choir, dir. Pasi Hy\u00f6kki<\/p>\n<p><span style=\"text-decoration: underline;\"><a href=\"https:\/\/lnkfi.re\/taivassylissani\" target=\"_blank\" rel=\"noopener\">Listen and download here &gt;&gt;<\/a><\/span><\/p>\n","protected":false},"featured_media":2303,"template":"","meta":{"_et_pb_use_builder":"on","_et_pb_old_content":"","_et_gb_content_width":"","ngg_post_thumbnail":0,"_price":"22","_stock":null,"_tribe_ticket_header":"","_tribe_default_ticket_provider":"","_tribe_ticket_capacity":"26","_ticket_start_date":"","_ticket_end_date":"","_tribe_ticket_show_description":"","_tribe_ticket_show_not_going":false,"_tribe_ticket_use_global_stock":"","_tribe_ticket_global_stock_level":"","_global_stock_mode":"","_global_stock_cap":"","_tribe_rsvp_for_event":"","_tribe_ticket_going_count":"","_tribe_ticket_not_going_count":"","_tribe_tickets_list":"[]","_tribe_ticket_has_attendee_info_fields":false},"product_brand":[],"product_cat":[45],"product_tag":[],"class_list":{"0":"post-2534","1":"product","2":"type-product","3":"status-publish","4":"has-post-thumbnail","6":"product_cat-recordings","8":"first","9":"instock","10":"taxable","11":"shipping-taxable","12":"purchasable","13":"product-type-simple"},"yoast_head":"<!-- This site is optimized with the Yoast SEO plugin v27.3 - https:\/\/yoast.com\/product\/yoast-seo-wordpress\/ -->\n<title>Aarne \u2013 Taivas syliss\u00e4ni - Aarne Pelkonen<\/title>\n<meta name=\"robots\" content=\"index, follow, max-snippet:-1, max-image-preview:large, max-video-preview:-1\" \/>\n<link rel=\"canonical\" href=\"https:\/\/aarnepelkonen.com\/en\/tuote\/aarne-taivas-sylissani\/\" \/>\n<meta property=\"og:locale\" content=\"en_US\" \/>\n<meta property=\"og:type\" content=\"article\" \/>\n<meta property=\"og:title\" content=\"Aarne \u2013 Taivas syliss\u00e4ni - Aarne Pelkonen\" \/>\n<meta property=\"og:description\" content=\"(Joverec, 2018)  Aarne Pelkonen, vocal Juho Alak\u00e4rpp\u00e4, piano Kalevi Kiviniemi, organ Marius J\u00e4rvi, cello Tapiola Choir, dir. Pasi Hy\u00f6kki  Listen and download here &gt;&gt;\" \/>\n<meta property=\"og:url\" content=\"https:\/\/aarnepelkonen.com\/en\/tuote\/aarne-taivas-sylissani\/\" \/>\n<meta property=\"og:site_name\" content=\"Aarne Pelkonen\" \/>\n<meta property=\"article:modified_time\" content=\"2024-04-21T21:01:02+00:00\" \/>\n<meta property=\"og:image\" content=\"https:\/\/aarnepelkonen.com\/wp-content\/uploads\/2020\/10\/Taivas-sylissani-kansi.jpg\" \/>\n\t<meta property=\"og:image:width\" content=\"800\" \/>\n\t<meta property=\"og:image:height\" content=\"800\" \/>\n\t<meta property=\"og:image:type\" content=\"image\/jpeg\" \/>\n<meta name=\"twitter:card\" content=\"summary_large_image\" \/>\n<meta name=\"twitter:label1\" content=\"Est. reading time\" \/>\n\t<meta name=\"twitter:data1\" content=\"1 minute\" \/>\n<script type=\"application\/ld+json\" class=\"yoast-schema-graph\">{\"@context\":\"https:\\\/\\\/schema.org\",\"@graph\":[{\"@type\":\"WebPage\",\"@id\":\"https:\\\/\\\/aarnepelkonen.com\\\/en\\\/tuote\\\/aarne-taivas-sylissani\\\/\",\"url\":\"https:\\\/\\\/aarnepelkonen.com\\\/en\\\/tuote\\\/aarne-taivas-sylissani\\\/\",\"name\":\"Aarne \u2013 Taivas syliss\u00e4ni - Aarne Pelkonen\",\"isPartOf\":{\"@id\":\"https:\\\/\\\/aarnepelkonen.com\\\/#website\"},\"primaryImageOfPage\":{\"@id\":\"https:\\\/\\\/aarnepelkonen.com\\\/en\\\/tuote\\\/aarne-taivas-sylissani\\\/#primaryimage\"},\"image\":{\"@id\":\"https:\\\/\\\/aarnepelkonen.com\\\/en\\\/tuote\\\/aarne-taivas-sylissani\\\/#primaryimage\"},\"thumbnailUrl\":\"https:\\\/\\\/aarnepelkonen.com\\\/wp-content\\\/uploads\\\/2020\\\/10\\\/Taivas-sylissani-kansi.jpg\",\"datePublished\":\"2022-01-28T11:04:37+00:00\",\"dateModified\":\"2024-04-21T21:01:02+00:00\",\"breadcrumb\":{\"@id\":\"https:\\\/\\\/aarnepelkonen.com\\\/en\\\/tuote\\\/aarne-taivas-sylissani\\\/#breadcrumb\"},\"inLanguage\":\"en-US\",\"potentialAction\":[{\"@type\":\"ReadAction\",\"target\":[\"https:\\\/\\\/aarnepelkonen.com\\\/en\\\/tuote\\\/aarne-taivas-sylissani\\\/\"]}]},{\"@type\":\"ImageObject\",\"inLanguage\":\"en-US\",\"@id\":\"https:\\\/\\\/aarnepelkonen.com\\\/en\\\/tuote\\\/aarne-taivas-sylissani\\\/#primaryimage\",\"url\":\"https:\\\/\\\/aarnepelkonen.com\\\/wp-content\\\/uploads\\\/2020\\\/10\\\/Taivas-sylissani-kansi.jpg\",\"contentUrl\":\"https:\\\/\\\/aarnepelkonen.com\\\/wp-content\\\/uploads\\\/2020\\\/10\\\/Taivas-sylissani-kansi.jpg\",\"width\":800,\"height\":800},{\"@type\":\"BreadcrumbList\",\"@id\":\"https:\\\/\\\/aarnepelkonen.com\\\/en\\\/tuote\\\/aarne-taivas-sylissani\\\/#breadcrumb\",\"itemListElement\":[{\"@type\":\"ListItem\",\"position\":1,\"name\":\"Etusivu\",\"item\":\"https:\\\/\\\/aarnepelkonen.com\\\/\"},{\"@type\":\"ListItem\",\"position\":2,\"name\":\"Shop Online\",\"item\":\"https:\\\/\\\/aarnepelkonen.com\\\/en\\\/shop\\\/\"},{\"@type\":\"ListItem\",\"position\":3,\"name\":\"Aarne \u2013 Taivas syliss\u00e4ni\"}]},{\"@type\":\"WebSite\",\"@id\":\"https:\\\/\\\/aarnepelkonen.com\\\/#website\",\"url\":\"https:\\\/\\\/aarnepelkonen.com\\\/\",\"name\":\"Aarne Pelkonen\",\"description\":\"baritone\",\"potentialAction\":[{\"@type\":\"SearchAction\",\"target\":{\"@type\":\"EntryPoint\",\"urlTemplate\":\"https:\\\/\\\/aarnepelkonen.com\\\/?s={search_term_string}\"},\"query-input\":{\"@type\":\"PropertyValueSpecification\",\"valueRequired\":true,\"valueName\":\"search_term_string\"}}],\"inLanguage\":\"en-US\"}]}<\/script>\n<!-- \/ Yoast SEO plugin. -->","yoast_head_json":{"title":"Aarne \u2013 Taivas syliss\u00e4ni - Aarne Pelkonen","robots":{"index":"index","follow":"follow","max-snippet":"max-snippet:-1","max-image-preview":"max-image-preview:large","max-video-preview":"max-video-preview:-1"},"canonical":"https:\/\/aarnepelkonen.com\/en\/tuote\/aarne-taivas-sylissani\/","og_locale":"en_US","og_type":"article","og_title":"Aarne \u2013 Taivas syliss\u00e4ni - Aarne Pelkonen","og_description":"(Joverec, 2018)  Aarne Pelkonen, vocal Juho Alak\u00e4rpp\u00e4, piano Kalevi Kiviniemi, organ Marius J\u00e4rvi, cello Tapiola Choir, dir. Pasi Hy\u00f6kki  Listen and download here &gt;&gt;","og_url":"https:\/\/aarnepelkonen.com\/en\/tuote\/aarne-taivas-sylissani\/","og_site_name":"Aarne Pelkonen","article_modified_time":"2024-04-21T21:01:02+00:00","og_image":[{"width":800,"height":800,"url":"https:\/\/aarnepelkonen.com\/wp-content\/uploads\/2020\/10\/Taivas-sylissani-kansi.jpg","type":"image\/jpeg"}],"twitter_card":"summary_large_image","twitter_misc":{"Est. reading time":"1 minute"},"schema":{"@context":"https:\/\/schema.org","@graph":[{"@type":"WebPage","@id":"https:\/\/aarnepelkonen.com\/en\/tuote\/aarne-taivas-sylissani\/","url":"https:\/\/aarnepelkonen.com\/en\/tuote\/aarne-taivas-sylissani\/","name":"Aarne \u2013 Taivas syliss\u00e4ni - Aarne Pelkonen","isPartOf":{"@id":"https:\/\/aarnepelkonen.com\/#website"},"primaryImageOfPage":{"@id":"https:\/\/aarnepelkonen.com\/en\/tuote\/aarne-taivas-sylissani\/#primaryimage"},"image":{"@id":"https:\/\/aarnepelkonen.com\/en\/tuote\/aarne-taivas-sylissani\/#primaryimage"},"thumbnailUrl":"https:\/\/aarnepelkonen.com\/wp-content\/uploads\/2020\/10\/Taivas-sylissani-kansi.jpg","datePublished":"2022-01-28T11:04:37+00:00","dateModified":"2024-04-21T21:01:02+00:00","breadcrumb":{"@id":"https:\/\/aarnepelkonen.com\/en\/tuote\/aarne-taivas-sylissani\/#breadcrumb"},"inLanguage":"en-US","potentialAction":[{"@type":"ReadAction","target":["https:\/\/aarnepelkonen.com\/en\/tuote\/aarne-taivas-sylissani\/"]}]},{"@type":"ImageObject","inLanguage":"en-US","@id":"https:\/\/aarnepelkonen.com\/en\/tuote\/aarne-taivas-sylissani\/#primaryimage","url":"https:\/\/aarnepelkonen.com\/wp-content\/uploads\/2020\/10\/Taivas-sylissani-kansi.jpg","contentUrl":"https:\/\/aarnepelkonen.com\/wp-content\/uploads\/2020\/10\/Taivas-sylissani-kansi.jpg","width":800,"height":800},{"@type":"BreadcrumbList","@id":"https:\/\/aarnepelkonen.com\/en\/tuote\/aarne-taivas-sylissani\/#breadcrumb","itemListElement":[{"@type":"ListItem","position":1,"name":"Etusivu","item":"https:\/\/aarnepelkonen.com\/"},{"@type":"ListItem","position":2,"name":"Shop Online","item":"https:\/\/aarnepelkonen.com\/en\/shop\/"},{"@type":"ListItem","position":3,"name":"Aarne \u2013 Taivas syliss\u00e4ni"}]},{"@type":"WebSite","@id":"https:\/\/aarnepelkonen.com\/#website","url":"https:\/\/aarnepelkonen.com\/","name":"Aarne Pelkonen","description":"baritone","potentialAction":[{"@type":"SearchAction","target":{"@type":"EntryPoint","urlTemplate":"https:\/\/aarnepelkonen.com\/?s={search_term_string}"},"query-input":{"@type":"PropertyValueSpecification","valueRequired":true,"valueName":"search_term_string"}}],"inLanguage":"en-US"}]}},"_links":{"self":[{"href":"https:\/\/aarnepelkonen.com\/en\/wp-json\/wp\/v2\/product\/2534","targetHints":{"allow":["GET"]}}],"collection":[{"href":"https:\/\/aarnepelkonen.com\/en\/wp-json\/wp\/v2\/product"}],"about":[{"href":"https:\/\/aarnepelkonen.com\/en\/wp-json\/wp\/v2\/types\/product"}],"wp:featuredmedia":[{"embeddable":true,"href":"https:\/\/aarnepelkonen.com\/en\/wp-json\/wp\/v2\/media\/2303"}],"wp:attachment":[{"href":"https:\/\/aarnepelkonen.com\/en\/wp-json\/wp\/v2\/media?parent=2534"}],"wp:term":[{"taxonomy":"product_brand","embeddable":true,"href":"https:\/\/aarnepelkonen.com\/en\/wp-json\/wp\/v2\/product_brand?post=2534"},{"taxonomy":"product_cat","embeddable":true,"href":"https:\/\/aarnepelkonen.com\/en\/wp-json\/wp\/v2\/product_cat?post=2534"},{"taxonomy":"product_tag","embeddable":true,"href":"https:\/\/aarnepelkonen.com\/en\/wp-json\/wp\/v2\/product_tag?post=2534"}],"curies":[{"name":"wp","href":"https:\/\/api.w.org\/{rel}","templated":true}]}}